{"id":15478,"date":"2022-09-08T14:13:30","date_gmt":"2022-09-08T14:13:30","guid":{"rendered":"https:\/\/otman.com.tr\/de\/?page_id=15478"},"modified":"2022-09-11T11:36:15","modified_gmt":"2022-09-11T11:36:15","slug":"panel-cit","status":"publish","type":"page","link":"https:\/\/otman.com.tr\/de\/panel-cit\/","title":{"rendered":"PANEL \u00c7\u0130T"},"content":{"rendered":"\t\t<div data-elementor-type=\"wp-page\" data-elementor-id=\"15478\" class=\"elementor elementor-15478\">\n\t\t\t\t\t\t<section class=\"elementor-section elementor-top-section elementor-element elementor-element-2b114cb0 elementor-section-full_width page-masthead bg-image js-lazy loaded page-masthead__bg elementor-section-height-default elementor-section-height-default\" data-id=\"2b114cb0\" data-element_type=\"section\" data-settings=\"{&quot;background_background&quot;:&quot;classic&quot;}\" data-parallax=\"0.6\">\n\t\t\t\t\t\t\t<div class=\"elementor-background-overlay\"><\/div>\n\t\t\t\t\t\t\t<div class=\"elementor-container elementor-column-gap-default container\">\n\t\t\t\t\t<div class=\"elementor-column elementor-col-100 elementor-top-column elementor-element elementor-element-685865c3\" data-id=\"685865c3\" data-element_type=\"column\">\n\t\t\t<div class=\"p-0 page-masthead__content elementor-widget-wrap elementor-element-populated\">\n\t\t\t\t\t\t<div class=\"elementor-section elementor-inner-section elementor-element elementor-element-8c20ca6 elementor-section-full_width elementor-section-height-default elementor-section-height-default\" data-id=\"8c20ca6\" data-element_type=\"section\">\n\t\t\t\t\t\t<div class=\"elementor-container elementor-column-gap-default row justify-content-between md:justify-content-center align-items-center row-margin\">\n\t\t\t\t\t<div class=\"elementor-column elementor-col-50 elementor-inner-column elementor-element elementor-element-2066d504 col-lg-9 col-md-10\" data-id=\"2066d504\" data-element_type=\"column\" data-anim=\"slide-up delay-1\">\n\t\t\t<div class=\"p-0 elementor-widget-wrap elementor-element-populated\">\n\t\t\t\t\t\t<div class=\"elementor-element elementor-element-5233b65d elementor-widget elementor-widget-highlighted-heading\" data-id=\"5233b65d\" data-element_type=\"widget\" data-widget_type=\"highlighted-heading.default\">\n\t\t\t\t<div class=\"elementor-widget-container\">\n\t\t\t\t\t<div class=\"highlighted-heading__title page-masthead__subtitle\">OTMAN \u0130SKELE<\/div>\t\t\t\t<\/div>\n\t\t\t\t<\/div>\n\t\t\t\t<div class=\"elementor-element elementor-element-4d740f8c position-static elementor-widget elementor-widget-highlighted-heading\" data-id=\"4d740f8c\" data-element_type=\"widget\" data-widget_type=\"highlighted-heading.default\">\n\t\t\t\t<div class=\"elementor-widget-container\">\n\t\t\t\t\t<div class=\"highlighted-heading__title page-masthead__back_title\">PANEL \u00c7\u0130T<\/div>\t\t\t\t<\/div>\n\t\t\t\t<\/div>\n\t\t\t\t<div class=\"elementor-element elementor-element-409201ff elementor-widget elementor-widget-highlighted-heading\" data-id=\"409201ff\" data-element_type=\"widget\" data-widget_type=\"highlighted-heading.default\">\n\t\t\t\t<div class=\"elementor-widget-container\">\n\t\t\t\t\t<h1 class=\"highlighted-heading__title page-masthead__title text-white\">PANEL \u00c7\u0130T<\/h1>\t\t\t\t<\/div>\n\t\t\t\t<\/div>\n\t\t\t\t\t<\/div>\n\t\t<\/div>\n\t\t\t\t<div class=\"elementor-column elementor-col-50 elementor-inner-column elementor-element elementor-element-70717069 col-lg-auto col-12\" data-id=\"70717069\" data-element_type=\"column\">\n\t\t\t<div class=\"p-0 elementor-widget-wrap elementor-element-populated\">\n\t\t\t\t\t\t<div class=\"elementor-element elementor-element-1d82a661 elementor-widget elementor-widget-hx-breadcrumb\" data-id=\"1d82a661\" data-element_type=\"widget\" data-widget_type=\"hx-breadcrumb.default\">\n\t\t\t\t<div class=\"elementor-widget-container\">\n\t\t\t\t\t<div data-anim=\"slide-up delay-1\" class=\"page-masthead-bread text-white md:mt-24 text-right\"><a data-barba class=\"page-masthead-bread__item active\">STARTSEITE<\/a><\/div>\t\t\t\t<\/div>\n\t\t\t\t<\/div>\n\t\t\t\t\t<\/div>\n\t\t<\/div>\n\t\t\t\t\t<\/div>\n\t\t<\/div>\n\t\t\t\t\t<\/div>\n\t\t<\/div>\n\t\t\t\t\t<\/div>\n\t\t<\/section>\n\t\t\t\t<section class=\"elementor-section elementor-top-section elementor-element elementor-element-32388e3 layout-pb-sm mt-minus-90 overflow-visible z-2  elementor-section-full_width elementor-section-height-default elementor-section-height-default\" data-id=\"32388e3\" data-element_type=\"section\" data-settings=\"{&quot;background_background&quot;:&quot;gradient&quot;}\">\n\t\t\t\t\t\t<div class=\"elementor-container elementor-column-gap-default container \">\n\t\t\t\t\t<div class=\"elementor-column elementor-col-25 elementor-top-column elementor-element elementor-element-000ad5b\" data-id=\"000ad5b\" data-element_type=\"column\">\n\t\t\t<div class=\"px-0 elementor-widget-wrap elementor-element-populated\">\n\t\t\t\t\t\t<div class=\"elementor-element elementor-element-b14a654 elementor-widget__width-auto elementor-widget elementor-widget-button\" data-id=\"b14a654\" data-element_type=\"widget\" data-widget_type=\"button.button-hellix\">\n\t\t\t\t<div class=\"elementor-widget-container\">\n\t\t\t\t\t\t\t<a href=\"https:\/\/otman.com.tr\/de\/malzeme-platformu\/\" class=\"hx-elementor-button hellix-button button  -md -dark\">\n\t\t\t\t\t\t<span class=\"elementor-button-icon hx-button-icon elementor-align-icon-left \"> \n\t\t\t\t<i aria-hidden=\"true\" class=\"icon  fas fa-hammer\"><\/i>\t\t\t<\/span>\n\t\t\t\t\t\t<span class=\"hellix-elementor-button-text\">MALZEME PLARTFORMU<\/span>\n\t\t\t\t\t\t\t\n\t\t<\/a>\n\t\t\t\t\t\t<\/div>\n\t\t\t\t<\/div>\n\t\t\t\t\t<\/div>\n\t\t<\/div>\n\t\t\t\t<div class=\"elementor-column elementor-col-25 elementor-top-column elementor-element elementor-element-8dc0305\" data-id=\"8dc0305\" data-element_type=\"column\">\n\t\t\t<div class=\"px-0 elementor-widget-wrap elementor-element-populated\">\n\t\t\t\t\t\t<div class=\"elementor-element elementor-element-0c1911c elementor-widget__width-auto elementor-widget elementor-widget-button\" data-id=\"0c1911c\" data-element_type=\"widget\" data-widget_type=\"button.button-hellix\">\n\t\t\t\t<div class=\"elementor-widget-container\">\n\t\t\t\t\t\t\t<a href=\"https:\/\/otman.com.tr\/de\/insaat-guvenlik-agi\/\" class=\"hx-elementor-button hellix-button button  -md -dark\">\n\t\t\t\t\t\t<span class=\"elementor-button-icon hx-button-icon elementor-align-icon-left \"> \n\t\t\t\t<i aria-hidden=\"true\" class=\"icon  fas fa-hammer\"><\/i>\t\t\t<\/span>\n\t\t\t\t\t\t<span class=\"hellix-elementor-button-text\">\u0130N\u015eAAT G\u00dcVENL\u0130K A\u011eI<\/span>\n\t\t\t\t\t\t\t\n\t\t<\/a>\n\t\t\t\t\t\t<\/div>\n\t\t\t\t<\/div>\n\t\t\t\t\t<\/div>\n\t\t<\/div>\n\t\t\t\t<div class=\"elementor-column elementor-col-25 elementor-top-column elementor-element elementor-element-9ee1486\" data-id=\"9ee1486\" data-element_type=\"column\">\n\t\t\t<div class=\"px-0 elementor-widget-wrap elementor-element-populated\">\n\t\t\t\t\t\t<div class=\"elementor-element elementor-element-4e6d8bb elementor-widget__width-auto elementor-widget elementor-widget-button\" data-id=\"4e6d8bb\" data-element_type=\"widget\" data-widget_type=\"button.button-hellix\">\n\t\t\t\t<div class=\"elementor-widget-container\">\n\t\t\t\t\t\t\t<a href=\"https:\/\/otman.com.tr\/de\/kapilar\/\" class=\"hx-elementor-button hellix-button button  -md -dark\">\n\t\t\t\t\t\t<span class=\"elementor-button-icon hx-button-icon elementor-align-icon-left \"> \n\t\t\t\t<i aria-hidden=\"true\" class=\"icon  fas fa-hammer\"><\/i>\t\t\t<\/span>\n\t\t\t\t\t\t<span class=\"hellix-elementor-button-text\">KAPILAR<\/span>\n\t\t\t\t\t\t\t\n\t\t<\/a>\n\t\t\t\t\t\t<\/div>\n\t\t\t\t<\/div>\n\t\t\t\t\t<\/div>\n\t\t<\/div>\n\t\t\t\t<div class=\"elementor-column elementor-col-25 elementor-top-column elementor-element elementor-element-1fe6e45\" data-id=\"1fe6e45\" data-element_type=\"column\">\n\t\t\t<div class=\"px-0 elementor-widget-wrap elementor-element-populated\">\n\t\t\t\t\t\t<div class=\"elementor-element elementor-element-2e145c2 elementor-widget__width-auto elementor-widget elementor-widget-button\" data-id=\"2e145c2\" data-element_type=\"widget\" data-widget_type=\"button.button-hellix\">\n\t\t\t\t<div class=\"elementor-widget-container\">\n\t\t\t\t\t\t\t<a href=\"https:\/\/otman.com.tr\/de\/tel-orgu\/\" class=\"hx-elementor-button hellix-button button  -md -dark\">\n\t\t\t\t\t\t<span class=\"elementor-button-icon hx-button-icon elementor-align-icon-left \"> \n\t\t\t\t<i aria-hidden=\"true\" class=\"icon  fas fa-hammer\"><\/i>\t\t\t<\/span>\n\t\t\t\t\t\t<span class=\"hellix-elementor-button-text\">TEL \u00d6RG\u00dc<\/span>\n\t\t\t\t\t\t\t\n\t\t<\/a>\n\t\t\t\t\t\t<\/div>\n\t\t\t\t<\/div>\n\t\t\t\t\t<\/div>\n\t\t<\/div>\n\t\t\t\t\t<\/div>\n\t\t<\/section>\n\t\t\t\t<section class=\"elementor-section elementor-top-section elementor-element elementor-element-52b23fa elementor-section-full_width layout-pt-lg layout-pb-xl md:pb-64 elementor-section-height-default elementor-section-height-default\" data-id=\"52b23fa\" data-element_type=\"section\" data-settings=\"{&quot;background_background&quot;:&quot;classic&quot;}\">\n\t\t\t\t\t\t\t<div class=\"elementor-background-overlay\"><\/div>\n\t\t\t\t\t\t\t<div class=\"elementor-container elementor-column-gap-default container\">\n\t\t\t\t\t<div class=\"elementor-column elementor-col-100 elementor-top-column elementor-element elementor-element-0299f50\" data-id=\"0299f50\" data-element_type=\"column\">\n\t\t\t<div class=\"elementor-widget-wrap elementor-element-populated\">\n\t\t\t\t\t\t<div class=\"elementor-element elementor-element-a750db5 elementor-widget elementor-widget-highlighted-heading\" data-id=\"a750db5\" data-element_type=\"widget\" data-widget_type=\"highlighted-heading.default\">\n\t\t\t\t<div class=\"elementor-widget-container\">\n\t\t\t\t\t<h3 class=\"highlighted-heading__title text-2xl fw-600 mt-8 mb-0\">PANEL \u00c7\u0130T<\/h3>\t\t\t\t<\/div>\n\t\t\t\t<\/div>\n\t\t\t\t<div class=\"elementor-element elementor-element-72b6361 elementor-widget-divider--view-line elementor-widget elementor-widget-divider\" data-id=\"72b6361\" data-element_type=\"widget\" data-widget_type=\"divider.default\">\n\t\t\t\t<div class=\"elementor-widget-container\">\n\t\t\t\t\t\t\t<div class=\"elementor-divider\">\n\t\t\t<span class=\"elementor-divider-separator\">\n\t\t\t\t\t\t<\/span>\n\t\t<\/div>\n\t\t\t\t\t\t<\/div>\n\t\t\t\t<\/div>\n\t\t\t\t<div class=\"elementor-element elementor-element-c7e0179 elementor-widget elementor-widget-text-editor\" data-id=\"c7e0179\" data-element_type=\"widget\" data-widget_type=\"text-editor.default\">\n\t\t\t\t<div class=\"elementor-widget-container\">\n\t\t\t\t\t\t\t\t\t<p>Panel \u00e7it sistemleri alternatif di\u011fer \u00fcr\u00fcnlere g\u00f6re daha ekonomik, uzun \u00f6m\u00fcrl\u00fc ve dayan\u0131kl\u0131d\u0131r. \u0130malat esnas\u0131nda yapm\u0131\u015f oldu\u011fumuz b\u00fck\u00fcmler sayesinde darbeler kar\u015f\u0131 y\u00fcksek mukavemet olu\u015fturmaktad\u0131r.\u00a0<\/p><p>\u00a0<\/p><p>Bak\u0131m gerektirmeyen panel \u00e7it sistemleri, s\u00f6k\u00fcle bilmekte ve farkl\u0131 yerlerde uygulanabilmektedir. Standart ye\u015fil rengi ile do\u011faya uyumlu olan \u00e7it sistemlerimiz ayn\u0131 zamanda estetiktir. G\u00fcn\u00fcm\u00fczde en \u00e7ok tercih edilen \u00e7it sistemleri panel \u00e7it\u2019tir. Geni\u015fli\u011fi standart 250cm, y\u00fcksekli\u011fi 50cm, 75cm, 100cm, 120cm, 150cm, 175cm ve 200 cm\u2019dir. \u00d6zel \u00f6l\u00e7\u00fc ve kal\u0131nl\u0131klarda imalat yap\u0131lmaktad\u0131r. \u00c7it dire\u011fi olarak \u00e7e\u015fitli \u00f6l\u00e7\u00fclerde kare profil kullan\u0131lmaktad\u0131r.<\/p>\t\t\t\t\t\t\t\t<\/div>\n\t\t\t\t<\/div>\n\t\t\t\t<div class=\"elementor-element elementor-element-af70ac7 elementor-widget elementor-widget-text-editor\" data-id=\"af70ac7\" data-element_type=\"widget\" data-widget_type=\"text-editor.default\">\n\t\t\t\t<div class=\"elementor-widget-container\">\n\t\t\t\t\t\t\t\t\t<div id='gallery-1' class='gallery galleryid-15478 gallery-columns-2 gallery-size-full'><figure class='gallery-item'>\n\t\t\t<div class='gallery-icon landscape'>\n\t\t\t\t<a href='https:\/\/otman.com.tr\/de\/wp-content\/uploads\/2022\/09\/Panel-Cit-Ankara.png'><img fetchpriority=\"high\" decoding=\"async\" width=\"768\" height=\"600\" src=\"https:\/\/otman.com.tr\/de\/wp-content\/uploads\/2022\/09\/Panel-Cit-Ankara.png\" class=\"attachment-full size-full\" alt=\"\" srcset=\"https:\/\/otman.com.tr\/de\/wp-content\/uploads\/2022\/09\/Panel-Cit-Ankara.png 768w, https:\/\/otman.com.tr\/de\/wp-content\/uploads\/2022\/09\/Panel-Cit-Ankara-300x234.png 300w\" sizes=\"(max-width: 768px) 100vw, 768px\" \/><\/a>\n\t\t\t<\/div><\/figure><figure class='gallery-item'>\n\t\t\t<div class='gallery-icon landscape'>\n\t\t\t\t<a href='https:\/\/otman.com.tr\/de\/wp-content\/uploads\/2022\/09\/Ankara-Panel-Cit.png'><img decoding=\"async\" width=\"768\" height=\"600\" src=\"https:\/\/otman.com.tr\/de\/wp-content\/uploads\/2022\/09\/Ankara-Panel-Cit.png\" class=\"attachment-full size-full\" alt=\"\" srcset=\"https:\/\/otman.com.tr\/de\/wp-content\/uploads\/2022\/09\/Ankara-Panel-Cit.png 768w, https:\/\/otman.com.tr\/de\/wp-content\/uploads\/2022\/09\/Ankara-Panel-Cit-300x234.png 300w\" sizes=\"(max-width: 768px) 100vw, 768px\" \/><\/a>\n\t\t\t<\/div><\/figure><figure class='gallery-item'>\n\t\t\t<div class='gallery-icon landscape'>\n\t\t\t\t<a href='https:\/\/otman.com.tr\/de\/wp-content\/uploads\/2022\/09\/Panel-Cit-1.png'><img decoding=\"async\" width=\"768\" height=\"600\" src=\"https:\/\/otman.com.tr\/de\/wp-content\/uploads\/2022\/09\/Panel-Cit-1.png\" class=\"attachment-full size-full\" alt=\"\" srcset=\"https:\/\/otman.com.tr\/de\/wp-content\/uploads\/2022\/09\/Panel-Cit-1.png 768w, https:\/\/otman.com.tr\/de\/wp-content\/uploads\/2022\/09\/Panel-Cit-1-300x234.png 300w\" sizes=\"(max-width: 768px) 100vw, 768px\" \/><\/a>\n\t\t\t<\/div><\/figure><figure class='gallery-item'>\n\t\t\t<div class='gallery-icon landscape'>\n\t\t\t\t<a href='https:\/\/otman.com.tr\/de\/wp-content\/uploads\/2022\/09\/Panel-Cit-Otman-Iskele.png'><img loading=\"lazy\" decoding=\"async\" width=\"768\" height=\"600\" src=\"https:\/\/otman.com.tr\/de\/wp-content\/uploads\/2022\/09\/Panel-Cit-Otman-Iskele.png\" class=\"attachment-full size-full\" alt=\"\" srcset=\"https:\/\/otman.com.tr\/de\/wp-content\/uploads\/2022\/09\/Panel-Cit-Otman-Iskele.png 768w, https:\/\/otman.com.tr\/de\/wp-content\/uploads\/2022\/09\/Panel-Cit-Otman-Iskele-300x234.png 300w\" sizes=\"(max-width: 768px) 100vw, 768px\" \/><\/a>\n\t\t\t<\/div><\/figure>\n\t\t<\/div>\n\t\t\t\t\t\t\t\t<\/div>\n\t\t\t\t<\/div>\n\t\t\t\t\t<\/div>\n\t\t<\/div>\n\t\t\t\t\t<\/div>\n\t\t<\/section>\n\t\t\t\t<\/div>\n\t\t","protected":false},"excerpt":{"rendered":"<p>OTMAN \u0130SKELE PANEL \u00c7\u0130T PANEL \u00c7\u0130T MALZEME PLARTFORMU \u0130N\u015eAAT G\u00dcVENL\u0130K A\u011eI KAPILAR TEL \u00d6RG\u00dc PANEL \u00c7\u0130T Panel \u00e7it sistemleri alternatif di\u011fer \u00fcr\u00fcnlere g\u00f6re daha ekonomik, uzun \u00f6m\u00fcrl\u00fc ve dayan\u0131kl\u0131d\u0131r. \u0130malat esnas\u0131nda yapm\u0131\u015f oldu\u011fumuz b\u00fck\u00fcmler sayesinde darbeler kar\u015f\u0131 y\u00fcksek mukavemet olu\u015fturmaktad\u0131r.\u00a0 \u00a0 Bak\u0131m gerektirmeyen panel \u00e7it sistemleri, s\u00f6k\u00fcle bilmekte ve farkl\u0131 yerlerde uygulanabilmektedir. Standart ye\u015fil rengi [&hellip;]<\/p>\n","protected":false},"author":1,"featured_media":0,"parent":0,"menu_order":0,"comment_status":"closed","ping_status":"closed","template":"elementor_header_footer","meta":{"_acf_changed":false,"_monsterinsights_skip_tracking":false,"_monsterinsights_sitenote_active":false,"_monsterinsights_sitenote_note":"","_monsterinsights_sitenote_category":0,"_joinchat":[],"footnotes":""},"class_list":["post-15478","page","type-page","status-publish","hentry"],"acf":[],"yoast_head":"<!-- This site is optimized with the Yoast SEO plugin v26.4 - https:\/\/yoast.com\/wordpress\/plugins\/seo\/ -->\n<title>PANEL \u00c7\u0130T<\/title>\n<meta name=\"description\" content=\"Panel \u00e7it sistemleri alternatif di\u011fer \u00fcr\u00fcnlere g\u00f6re daha ekonomik, uzun \u00f6m\u00fcrl\u00fc ve dayan\u0131kl\u0131d\u0131r. Standart ye\u015fil rengi ile do\u011faya uyumludur.\" \/>\n<meta name=\"robots\" content=\"index, follow, max-snippet:-1, max-image-preview:large, max-video-preview:-1\" \/>\n<link rel=\"canonical\" href=\"https:\/\/otman.com.tr\/de\/panel-cit\/\" \/>\n<meta property=\"og:locale\" content=\"tr_TR\" \/>\n<meta property=\"og:type\" content=\"article\" \/>\n<meta property=\"og:title\" content=\"PANEL \u00c7\u0130T\" \/>\n<meta property=\"og:description\" content=\"Panel \u00e7it sistemleri alternatif di\u011fer \u00fcr\u00fcnlere g\u00f6re daha ekonomik, uzun \u00f6m\u00fcrl\u00fc ve dayan\u0131kl\u0131d\u0131r. Standart ye\u015fil rengi ile do\u011faya uyumludur.\" \/>\n<meta property=\"og:url\" content=\"https:\/\/otman.com.tr\/de\/panel-cit\/\" \/>\n<meta property=\"og:site_name\" content=\"Otman \u0130skele\" \/>\n<meta property=\"article:modified_time\" content=\"2022-09-11T11:36:15+00:00\" \/>\n<meta property=\"og:image\" content=\"https:\/\/otman.com.tr\/de\/wp-content\/uploads\/2022\/09\/Panel-Cit-Ankara.png\" \/>\n<meta name=\"twitter:card\" content=\"summary_large_image\" \/>\n<meta name=\"twitter:label1\" content=\"Tahmini okuma s\u00fcresi\" \/>\n\t<meta name=\"twitter:data1\" content=\"1 dakika\" \/>\n<script type=\"application\/ld+json\" class=\"yoast-schema-graph\">{\"@context\":\"https:\/\/schema.org\",\"@graph\":[{\"@type\":\"WebPage\",\"@id\":\"https:\/\/otman.com.tr\/de\/panel-cit\/\",\"url\":\"https:\/\/otman.com.tr\/de\/panel-cit\/\",\"name\":\"PANEL \u00c7\u0130T\",\"isPartOf\":{\"@id\":\"https:\/\/otman.com.tr\/de\/#website\"},\"datePublished\":\"2022-09-08T14:13:30+00:00\",\"dateModified\":\"2022-09-11T11:36:15+00:00\",\"description\":\"Panel \u00e7it sistemleri alternatif di\u011fer \u00fcr\u00fcnlere g\u00f6re daha ekonomik, uzun \u00f6m\u00fcrl\u00fc ve dayan\u0131kl\u0131d\u0131r. Standart ye\u015fil rengi ile do\u011faya uyumludur.\",\"breadcrumb\":{\"@id\":\"https:\/\/otman.com.tr\/de\/panel-cit\/#breadcrumb\"},\"inLanguage\":\"tr\",\"potentialAction\":[{\"@type\":\"ReadAction\",\"target\":[\"https:\/\/otman.com.tr\/de\/panel-cit\/\"]}]},{\"@type\":\"BreadcrumbList\",\"@id\":\"https:\/\/otman.com.tr\/de\/panel-cit\/#breadcrumb\",\"itemListElement\":[{\"@type\":\"ListItem\",\"position\":1,\"name\":\"Anasayfa\",\"item\":\"https:\/\/otman.com.tr\/de\/\"},{\"@type\":\"ListItem\",\"position\":2,\"name\":\"PANEL \u00c7\u0130T\"}]},{\"@type\":\"WebSite\",\"@id\":\"https:\/\/otman.com.tr\/de\/#website\",\"url\":\"https:\/\/otman.com.tr\/de\/\",\"name\":\"Otman \u0130skele\",\"description\":\"\u0130\u015finizin Yan\u0131 Ba\u015f\u0131n\u0131zday\u0131z \",\"publisher\":{\"@id\":\"https:\/\/otman.com.tr\/de\/#organization\"},\"potentialAction\":[{\"@type\":\"SearchAction\",\"target\":{\"@type\":\"EntryPoint\",\"urlTemplate\":\"https:\/\/otman.com.tr\/de\/?s={search_term_string}\"},\"query-input\":{\"@type\":\"PropertyValueSpecification\",\"valueRequired\":true,\"valueName\":\"search_term_string\"}}],\"inLanguage\":\"tr\"},{\"@type\":\"Organization\",\"@id\":\"https:\/\/otman.com.tr\/de\/#organization\",\"name\":\"Otman \u0130skele\",\"url\":\"https:\/\/otman.com.tr\/de\/\",\"logo\":{\"@type\":\"ImageObject\",\"inLanguage\":\"tr\",\"@id\":\"https:\/\/otman.com.tr\/de\/#\/schema\/logo\/image\/\",\"url\":\"https:\/\/otman.com.tr\/de\/wp-content\/uploads\/2022\/09\/Otman-Iskele-193x50-1.png\",\"contentUrl\":\"https:\/\/otman.com.tr\/de\/wp-content\/uploads\/2022\/09\/Otman-Iskele-193x50-1.png\",\"width\":193,\"height\":50,\"caption\":\"Otman \u0130skele\"},\"image\":{\"@id\":\"https:\/\/otman.com.tr\/de\/#\/schema\/logo\/image\/\"}}]}<\/script>\n<!-- \/ Yoast SEO plugin. -->","yoast_head_json":{"title":"PANEL \u00c7\u0130T","description":"Panel \u00e7it sistemleri alternatif di\u011fer \u00fcr\u00fcnlere g\u00f6re daha ekonomik, uzun \u00f6m\u00fcrl\u00fc ve dayan\u0131kl\u0131d\u0131r. Standart ye\u015fil rengi ile do\u011faya uyumludur.","robots":{"index":"index","follow":"follow","max-snippet":"max-snippet:-1","max-image-preview":"max-image-preview:large","max-video-preview":"max-video-preview:-1"},"canonical":"https:\/\/otman.com.tr\/de\/panel-cit\/","og_locale":"tr_TR","og_type":"article","og_title":"PANEL \u00c7\u0130T","og_description":"Panel \u00e7it sistemleri alternatif di\u011fer \u00fcr\u00fcnlere g\u00f6re daha ekonomik, uzun \u00f6m\u00fcrl\u00fc ve dayan\u0131kl\u0131d\u0131r. Standart ye\u015fil rengi ile do\u011faya uyumludur.","og_url":"https:\/\/otman.com.tr\/de\/panel-cit\/","og_site_name":"Otman \u0130skele","article_modified_time":"2022-09-11T11:36:15+00:00","og_image":[{"url":"https:\/\/otman.com.tr\/de\/wp-content\/uploads\/2022\/09\/Panel-Cit-Ankara.png","type":"","width":"","height":""}],"twitter_card":"summary_large_image","twitter_misc":{"Tahmini okuma s\u00fcresi":"1 dakika"},"schema":{"@context":"https:\/\/schema.org","@graph":[{"@type":"WebPage","@id":"https:\/\/otman.com.tr\/de\/panel-cit\/","url":"https:\/\/otman.com.tr\/de\/panel-cit\/","name":"PANEL \u00c7\u0130T","isPartOf":{"@id":"https:\/\/otman.com.tr\/de\/#website"},"datePublished":"2022-09-08T14:13:30+00:00","dateModified":"2022-09-11T11:36:15+00:00","description":"Panel \u00e7it sistemleri alternatif di\u011fer \u00fcr\u00fcnlere g\u00f6re daha ekonomik, uzun \u00f6m\u00fcrl\u00fc ve dayan\u0131kl\u0131d\u0131r. Standart ye\u015fil rengi ile do\u011faya uyumludur.","breadcrumb":{"@id":"https:\/\/otman.com.tr\/de\/panel-cit\/#breadcrumb"},"inLanguage":"tr","potentialAction":[{"@type":"ReadAction","target":["https:\/\/otman.com.tr\/de\/panel-cit\/"]}]},{"@type":"BreadcrumbList","@id":"https:\/\/otman.com.tr\/de\/panel-cit\/#breadcrumb","itemListElement":[{"@type":"ListItem","position":1,"name":"Anasayfa","item":"https:\/\/otman.com.tr\/de\/"},{"@type":"ListItem","position":2,"name":"PANEL \u00c7\u0130T"}]},{"@type":"WebSite","@id":"https:\/\/otman.com.tr\/de\/#website","url":"https:\/\/otman.com.tr\/de\/","name":"Otman \u0130skele","description":"\u0130\u015finizin Yan\u0131 Ba\u015f\u0131n\u0131zday\u0131z ","publisher":{"@id":"https:\/\/otman.com.tr\/de\/#organization"},"potentialAction":[{"@type":"SearchAction","target":{"@type":"EntryPoint","urlTemplate":"https:\/\/otman.com.tr\/de\/?s={search_term_string}"},"query-input":{"@type":"PropertyValueSpecification","valueRequired":true,"valueName":"search_term_string"}}],"inLanguage":"tr"},{"@type":"Organization","@id":"https:\/\/otman.com.tr\/de\/#organization","name":"Otman \u0130skele","url":"https:\/\/otman.com.tr\/de\/","logo":{"@type":"ImageObject","inLanguage":"tr","@id":"https:\/\/otman.com.tr\/de\/#\/schema\/logo\/image\/","url":"https:\/\/otman.com.tr\/de\/wp-content\/uploads\/2022\/09\/Otman-Iskele-193x50-1.png","contentUrl":"https:\/\/otman.com.tr\/de\/wp-content\/uploads\/2022\/09\/Otman-Iskele-193x50-1.png","width":193,"height":50,"caption":"Otman \u0130skele"},"image":{"@id":"https:\/\/otman.com.tr\/de\/#\/schema\/logo\/image\/"}}]}},"_links":{"self":[{"href":"https:\/\/otman.com.tr\/de\/wp-json\/wp\/v2\/pages\/15478","targetHints":{"allow":["GET"]}}],"collection":[{"href":"https:\/\/otman.com.tr\/de\/wp-json\/wp\/v2\/pages"}],"about":[{"href":"https:\/\/otman.com.tr\/de\/wp-json\/wp\/v2\/types\/page"}],"author":[{"embeddable":true,"href":"https:\/\/otman.com.tr\/de\/wp-json\/wp\/v2\/users\/1"}],"replies":[{"embeddable":true,"href":"https:\/\/otman.com.tr\/de\/wp-json\/wp\/v2\/comments?post=15478"}],"version-history":[{"count":33,"href":"https:\/\/otman.com.tr\/de\/wp-json\/wp\/v2\/pages\/15478\/revisions"}],"predecessor-version":[{"id":16086,"href":"https:\/\/otman.com.tr\/de\/wp-json\/wp\/v2\/pages\/15478\/revisions\/16086"}],"wp:attachment":[{"href":"https:\/\/otman.com.tr\/de\/wp-json\/wp\/v2\/media?parent=15478"}],"curies":[{"name":"wp","href":"https:\/\/api.w.org\/{rel}","templated":true}]}}