{"id":15479,"date":"2022-09-08T14:13:52","date_gmt":"2022-09-08T14:13:52","guid":{"rendered":"https:\/\/otman.com.tr\/de\/?page_id=15479"},"modified":"2022-09-11T11:36:37","modified_gmt":"2022-09-11T11:36:37","slug":"kapilar","status":"publish","type":"page","link":"https:\/\/otman.com.tr\/de\/kapilar\/","title":{"rendered":"KAPILAR"},"content":{"rendered":"\t\t<div data-elementor-type=\"wp-page\" data-elementor-id=\"15479\" class=\"elementor elementor-15479\">\n\t\t\t\t\t\t<section class=\"elementor-section elementor-top-section elementor-element elementor-element-2b114cb0 elementor-section-full_width page-masthead bg-image js-lazy loaded page-masthead__bg elementor-section-height-default elementor-section-height-default\" data-id=\"2b114cb0\" data-element_type=\"section\" data-settings=\"{&quot;background_background&quot;:&quot;classic&quot;}\" data-parallax=\"0.6\">\n\t\t\t\t\t\t\t<div class=\"elementor-background-overlay\"><\/div>\n\t\t\t\t\t\t\t<div class=\"elementor-container elementor-column-gap-default container\">\n\t\t\t\t\t<div class=\"elementor-column elementor-col-100 elementor-top-column elementor-element elementor-element-685865c3\" data-id=\"685865c3\" data-element_type=\"column\">\n\t\t\t<div class=\"p-0 page-masthead__content elementor-widget-wrap elementor-element-populated\">\n\t\t\t\t\t\t<div class=\"elementor-section elementor-inner-section elementor-element elementor-element-8c20ca6 elementor-section-full_width elementor-section-height-default elementor-section-height-default\" data-id=\"8c20ca6\" data-element_type=\"section\">\n\t\t\t\t\t\t<div class=\"elementor-container elementor-column-gap-default row justify-content-between md:justify-content-center align-items-center row-margin\">\n\t\t\t\t\t<div class=\"elementor-column elementor-col-50 elementor-inner-column elementor-element elementor-element-2066d504 col-lg-9 col-md-10\" data-id=\"2066d504\" data-element_type=\"column\" data-anim=\"slide-up delay-1\">\n\t\t\t<div class=\"p-0 elementor-widget-wrap elementor-element-populated\">\n\t\t\t\t\t\t<div class=\"elementor-element elementor-element-5233b65d elementor-widget elementor-widget-highlighted-heading\" data-id=\"5233b65d\" data-element_type=\"widget\" data-widget_type=\"highlighted-heading.default\">\n\t\t\t\t<div class=\"elementor-widget-container\">\n\t\t\t\t\t<div class=\"highlighted-heading__title page-masthead__subtitle\">OTMAN \u0130SKELE<\/div>\t\t\t\t<\/div>\n\t\t\t\t<\/div>\n\t\t\t\t<div class=\"elementor-element elementor-element-4d740f8c position-static elementor-widget elementor-widget-highlighted-heading\" data-id=\"4d740f8c\" data-element_type=\"widget\" data-widget_type=\"highlighted-heading.default\">\n\t\t\t\t<div class=\"elementor-widget-container\">\n\t\t\t\t\t<div class=\"highlighted-heading__title page-masthead__back_title\">KAPILAR<\/div>\t\t\t\t<\/div>\n\t\t\t\t<\/div>\n\t\t\t\t<div class=\"elementor-element elementor-element-409201ff elementor-widget elementor-widget-highlighted-heading\" data-id=\"409201ff\" data-element_type=\"widget\" data-widget_type=\"highlighted-heading.default\">\n\t\t\t\t<div class=\"elementor-widget-container\">\n\t\t\t\t\t<h1 class=\"highlighted-heading__title page-masthead__title text-white\">KAPILAR<\/h1>\t\t\t\t<\/div>\n\t\t\t\t<\/div>\n\t\t\t\t\t<\/div>\n\t\t<\/div>\n\t\t\t\t<div class=\"elementor-column elementor-col-50 elementor-inner-column elementor-element elementor-element-70717069 col-lg-auto col-12\" data-id=\"70717069\" data-element_type=\"column\">\n\t\t\t<div class=\"p-0 elementor-widget-wrap elementor-element-populated\">\n\t\t\t\t\t\t<div class=\"elementor-element elementor-element-1d82a661 elementor-widget elementor-widget-hx-breadcrumb\" data-id=\"1d82a661\" data-element_type=\"widget\" data-widget_type=\"hx-breadcrumb.default\">\n\t\t\t\t<div class=\"elementor-widget-container\">\n\t\t\t\t\t<div data-anim=\"slide-up delay-1\" class=\"page-masthead-bread text-white md:mt-24 text-right\"><a data-barba class=\"page-masthead-bread__item active\">STARTSEITE<\/a><\/div>\t\t\t\t<\/div>\n\t\t\t\t<\/div>\n\t\t\t\t\t<\/div>\n\t\t<\/div>\n\t\t\t\t\t<\/div>\n\t\t<\/div>\n\t\t\t\t\t<\/div>\n\t\t<\/div>\n\t\t\t\t\t<\/div>\n\t\t<\/section>\n\t\t\t\t<section class=\"elementor-section elementor-top-section elementor-element elementor-element-32388e3 layout-pb-sm mt-minus-90 overflow-visible z-2  elementor-section-full_width elementor-section-height-default elementor-section-height-default\" data-id=\"32388e3\" data-element_type=\"section\" data-settings=\"{&quot;background_background&quot;:&quot;gradient&quot;}\">\n\t\t\t\t\t\t<div class=\"elementor-container elementor-column-gap-default container \">\n\t\t\t\t\t<div class=\"elementor-column elementor-col-25 elementor-top-column elementor-element elementor-element-000ad5b\" data-id=\"000ad5b\" data-element_type=\"column\">\n\t\t\t<div class=\"px-0 elementor-widget-wrap elementor-element-populated\">\n\t\t\t\t\t\t<div class=\"elementor-element elementor-element-b14a654 elementor-widget__width-auto elementor-widget elementor-widget-button\" data-id=\"b14a654\" data-element_type=\"widget\" data-widget_type=\"button.button-hellix\">\n\t\t\t\t<div class=\"elementor-widget-container\">\n\t\t\t\t\t\t\t<a href=\"https:\/\/otman.com.tr\/de\/malzeme-platformu\/\" class=\"hx-elementor-button hellix-button button  -md -dark\">\n\t\t\t\t\t\t<span class=\"elementor-button-icon hx-button-icon elementor-align-icon-left \"> \n\t\t\t\t<i aria-hidden=\"true\" class=\"icon  fas fa-hammer\"><\/i>\t\t\t<\/span>\n\t\t\t\t\t\t<span class=\"hellix-elementor-button-text\">MALZEME PLARTFORMU<\/span>\n\t\t\t\t\t\t\t\n\t\t<\/a>\n\t\t\t\t\t\t<\/div>\n\t\t\t\t<\/div>\n\t\t\t\t\t<\/div>\n\t\t<\/div>\n\t\t\t\t<div class=\"elementor-column elementor-col-25 elementor-top-column elementor-element elementor-element-2f791ce\" data-id=\"2f791ce\" data-element_type=\"column\">\n\t\t\t<div class=\"px-0 elementor-widget-wrap elementor-element-populated\">\n\t\t\t\t\t\t<div class=\"elementor-element elementor-element-f2ef740 elementor-widget__width-auto elementor-widget elementor-widget-button\" data-id=\"f2ef740\" data-element_type=\"widget\" data-widget_type=\"button.button-hellix\">\n\t\t\t\t<div class=\"elementor-widget-container\">\n\t\t\t\t\t\t\t<a href=\"https:\/\/otman.com.tr\/de\/insaat-guvenlik-agi\/\" class=\"hx-elementor-button hellix-button button  -md -dark\">\n\t\t\t\t\t\t<span class=\"elementor-button-icon hx-button-icon elementor-align-icon-left \"> \n\t\t\t\t<i aria-hidden=\"true\" class=\"icon  fas fa-hammer\"><\/i>\t\t\t<\/span>\n\t\t\t\t\t\t<span class=\"hellix-elementor-button-text\">\u0130N\u015eAAT G\u00dcVENL\u0130K A\u011eI<\/span>\n\t\t\t\t\t\t\t\n\t\t<\/a>\n\t\t\t\t\t\t<\/div>\n\t\t\t\t<\/div>\n\t\t\t\t\t<\/div>\n\t\t<\/div>\n\t\t\t\t<div class=\"elementor-column elementor-col-25 elementor-top-column elementor-element elementor-element-9ee1486\" data-id=\"9ee1486\" data-element_type=\"column\">\n\t\t\t<div class=\"px-0 elementor-widget-wrap elementor-element-populated\">\n\t\t\t\t\t\t<div class=\"elementor-element elementor-element-4e6d8bb elementor-widget__width-auto elementor-widget elementor-widget-button\" data-id=\"4e6d8bb\" data-element_type=\"widget\" data-widget_type=\"button.button-hellix\">\n\t\t\t\t<div class=\"elementor-widget-container\">\n\t\t\t\t\t\t\t<a href=\"https:\/\/otman.com.tr\/de\/panel-cit\/\" class=\"hx-elementor-button hellix-button button  -md -dark\">\n\t\t\t\t\t\t<span class=\"elementor-button-icon hx-button-icon elementor-align-icon-left \"> \n\t\t\t\t<i aria-hidden=\"true\" class=\"icon  fas fa-hammer\"><\/i>\t\t\t<\/span>\n\t\t\t\t\t\t<span class=\"hellix-elementor-button-text\">PANEL \u00c7\u0130T<\/span>\n\t\t\t\t\t\t\t\n\t\t<\/a>\n\t\t\t\t\t\t<\/div>\n\t\t\t\t<\/div>\n\t\t\t\t\t<\/div>\n\t\t<\/div>\n\t\t\t\t<div class=\"elementor-column elementor-col-25 elementor-top-column elementor-element elementor-element-1fe6e45\" data-id=\"1fe6e45\" data-element_type=\"column\">\n\t\t\t<div class=\"px-0 elementor-widget-wrap elementor-element-populated\">\n\t\t\t\t\t\t<div class=\"elementor-element elementor-element-2e145c2 elementor-widget__width-auto elementor-widget elementor-widget-button\" data-id=\"2e145c2\" data-element_type=\"widget\" data-widget_type=\"button.button-hellix\">\n\t\t\t\t<div class=\"elementor-widget-container\">\n\t\t\t\t\t\t\t<a href=\"https:\/\/otman.com.tr\/de\/tel-orgu\/\" class=\"hx-elementor-button hellix-button button  -md -dark\">\n\t\t\t\t\t\t<span class=\"elementor-button-icon hx-button-icon elementor-align-icon-left \"> \n\t\t\t\t<i aria-hidden=\"true\" class=\"icon  fas fa-hammer\"><\/i>\t\t\t<\/span>\n\t\t\t\t\t\t<span class=\"hellix-elementor-button-text\">TEL \u00d6RG\u00dc<\/span>\n\t\t\t\t\t\t\t\n\t\t<\/a>\n\t\t\t\t\t\t<\/div>\n\t\t\t\t<\/div>\n\t\t\t\t\t<\/div>\n\t\t<\/div>\n\t\t\t\t\t<\/div>\n\t\t<\/section>\n\t\t\t\t<section class=\"elementor-section elementor-top-section elementor-element elementor-element-52b23fa elementor-section-full_width layout-pt-lg layout-pb-xl md:pb-64 elementor-section-height-default elementor-section-height-default\" data-id=\"52b23fa\" data-element_type=\"section\" data-settings=\"{&quot;background_background&quot;:&quot;classic&quot;}\">\n\t\t\t\t\t\t\t<div class=\"elementor-background-overlay\"><\/div>\n\t\t\t\t\t\t\t<div class=\"elementor-container elementor-column-gap-default container\">\n\t\t\t\t\t<div class=\"elementor-column elementor-col-100 elementor-top-column elementor-element elementor-element-fc75762\" data-id=\"fc75762\" data-element_type=\"column\">\n\t\t\t<div class=\"elementor-widget-wrap elementor-element-populated\">\n\t\t\t\t\t\t<div class=\"elementor-element elementor-element-1fbe743 elementor-widget elementor-widget-highlighted-heading\" data-id=\"1fbe743\" data-element_type=\"widget\" data-widget_type=\"highlighted-heading.default\">\n\t\t\t\t<div class=\"elementor-widget-container\">\n\t\t\t\t\t<h3 class=\"highlighted-heading__title text-2xl fw-600 mt-8 mb-0\">KAPILAR<\/h3>\t\t\t\t<\/div>\n\t\t\t\t<\/div>\n\t\t\t\t<div class=\"elementor-element elementor-element-634236c elementor-widget-divider--view-line elementor-widget elementor-widget-divider\" data-id=\"634236c\" data-element_type=\"widget\" data-widget_type=\"divider.default\">\n\t\t\t\t<div class=\"elementor-widget-container\">\n\t\t\t\t\t\t\t<div class=\"elementor-divider\">\n\t\t\t<span class=\"elementor-divider-separator\">\n\t\t\t\t\t\t<\/span>\n\t\t<\/div>\n\t\t\t\t\t\t<\/div>\n\t\t\t\t<\/div>\n\t\t\t\t<div class=\"elementor-element elementor-element-2322e96 elementor-widget elementor-widget-text-editor\" data-id=\"2322e96\" data-element_type=\"widget\" data-widget_type=\"text-editor.default\">\n\t\t\t\t<div class=\"elementor-widget-container\">\n\t\t\t\t\t\t\t\t\t<p>\u00dcretmekte oldu\u011fumuz y\u00fcksek malzeme kalitesiyle istenilen g\u00f6z aral\u0131klar\u0131nda, uzunluk, y\u00fckseklik ve tel \u00e7aplar\u0131nda yap\u0131labilmekte olup \u015firketimiz bu \u00e7al\u0131\u015fmalar\u0131yla sizlere en iyi, kaliteli ve b\u00fct\u00e7enize en uygun \u00fcr\u00fcn\u00fc sunmaktan mutluluk duymaktad\u0131r.\u00a0<\/p><p>\u00a0<\/p><h6><strong>Kap\u0131lar<\/strong><\/h6>\t\t\t\t\t\t\t\t<\/div>\n\t\t\t\t<\/div>\n\t\t\t\t<div class=\"elementor-element elementor-element-5ce1b82 elementor-icon-list--layout-traditional elementor-list-item-link-full_width elementor-widget elementor-widget-icon-list\" data-id=\"5ce1b82\" data-element_type=\"widget\" data-widget_type=\"icon-list.default\">\n\t\t\t\t<div class=\"elementor-widget-container\">\n\t\t\t\t\t\t\t<ul class=\"elementor-icon-list-items\">\n\t\t\t\t\t\t\t<li class=\"elementor-icon-list-item\">\n\t\t\t\t\t\t\t\t\t\t\t<span class=\"elementor-icon-list-icon\">\n\t\t\t\t\t\t\t<i aria-hidden=\"true\" class=\"fas fa-check\"><\/i>\t\t\t\t\t\t<\/span>\n\t\t\t\t\t\t\t\t\t\t<span class=\"elementor-icon-list-text\">\u0130stenilen yerde ve zemin \u00fczerinde koruma, g\u00fcvenlik ve bariyer ama\u00e7l\u0131 kullan\u0131lan, kolay s\u00f6k\u00fcl\u00fcp tak\u0131labilen, ta\u015f\u0131nabilir bir \u00fcr\u00fcnd\u00fcr.<\/span>\n\t\t\t\t\t\t\t\t\t<\/li>\n\t\t\t\t\t\t\t\t<li class=\"elementor-icon-list-item\">\n\t\t\t\t\t\t\t\t\t\t\t<span class=\"elementor-icon-list-icon\">\n\t\t\t\t\t\t\t<i aria-hidden=\"true\" class=\"fas fa-check\"><\/i>\t\t\t\t\t\t<\/span>\n\t\t\t\t\t\t\t\t\t\t<span class=\"elementor-icon-list-text\">Hafif oldu\u011fundan rahatl\u0131kla ba\u015fka bir noktaya ta\u015f\u0131nabilir ve tekrar kullan\u0131labilir.<\/span>\n\t\t\t\t\t\t\t\t\t<\/li>\n\t\t\t\t\t\t\t\t<li class=\"elementor-icon-list-item\">\n\t\t\t\t\t\t\t\t\t\t\t<span class=\"elementor-icon-list-icon\">\n\t\t\t\t\t\t\t<i aria-hidden=\"true\" class=\"fas fa-check\"><\/i>\t\t\t\t\t\t<\/span>\n\t\t\t\t\t\t\t\t\t\t<span class=\"elementor-icon-list-text\">Uzaktan kumandal\u0131 motor sistemi entegre edilebilir.<\/span>\n\t\t\t\t\t\t\t\t\t<\/li>\n\t\t\t\t\t\t\t\t<li class=\"elementor-icon-list-item\">\n\t\t\t\t\t\t\t\t\t\t\t<span class=\"elementor-icon-list-icon\">\n\t\t\t\t\t\t\t<i aria-hidden=\"true\" class=\"fas fa-check\"><\/i>\t\t\t\t\t\t<\/span>\n\t\t\t\t\t\t\t\t\t\t<span class=\"elementor-icon-list-text\">Estetik bir g\u00f6r\u00fcnt\u00fcye sahiptir.<\/span>\n\t\t\t\t\t\t\t\t\t<\/li>\n\t\t\t\t\t\t\t\t<li class=\"elementor-icon-list-item\">\n\t\t\t\t\t\t\t\t\t\t\t<span class=\"elementor-icon-list-icon\">\n\t\t\t\t\t\t\t<i aria-hidden=\"true\" class=\"fas fa-check\"><\/i>\t\t\t\t\t\t<\/span>\n\t\t\t\t\t\t\t\t\t\t<span class=\"elementor-icon-list-text\">Beton, toprak veya seramik zeminlere montaj\u0131 s\u0131ras\u0131nda herhangi bir ankraj kullan\u0131lmad\u0131\u011f\u0131 i\u00e7in zeminde hi\u00e7bir tahribat yapmaz.<\/span>\n\t\t\t\t\t\t\t\t\t<\/li>\n\t\t\t\t\t\t\t\t<li class=\"elementor-icon-list-item\">\n\t\t\t\t\t\t\t\t\t\t\t<span class=\"elementor-icon-list-icon\">\n\t\t\t\t\t\t\t<i aria-hidden=\"true\" class=\"fas fa-check\"><\/i>\t\t\t\t\t\t<\/span>\n\t\t\t\t\t\t\t\t\t\t<span class=\"elementor-icon-list-text\">Kap\u0131 i\u00e7leri talebe g\u00f6re panel \u00e7it, tel \u00f6rg\u00fc, kare profil ve ferforje olarak yap\u0131labilmektedir.<\/span>\n\t\t\t\t\t\t\t\t\t<\/li>\n\t\t\t\t\t\t\t\t<li class=\"elementor-icon-list-item\">\n\t\t\t\t\t\t\t\t\t\t\t<span class=\"elementor-icon-list-icon\">\n\t\t\t\t\t\t\t<i aria-hidden=\"true\" class=\"fas fa-check\"><\/i>\t\t\t\t\t\t<\/span>\n\t\t\t\t\t\t\t\t\t\t<span class=\"elementor-icon-list-text\">Yaya giri\u015f kap\u0131lar\u0131 iste\u011fe g\u00f6re kilit, asma kilit, kap\u0131 hidroli\u011fi, itme yay\u0131 ve elektrikli uzaktan kumandal\u0131 kilit tak\u0131la bilmektedir.<\/span>\n\t\t\t\t\t\t\t\t\t<\/li>\n\t\t\t\t\t\t<\/ul>\n\t\t\t\t\t\t<\/div>\n\t\t\t\t<\/div>\n\t\t\t\t<div class=\"elementor-element elementor-element-72a8576 elementor-widget elementor-widget-text-editor\" data-id=\"72a8576\" data-element_type=\"widget\" data-widget_type=\"text-editor.default\">\n\t\t\t\t<div class=\"elementor-widget-container\">\n\t\t\t\t\t\t\t\t\t<h5>Kullan\u0131m Alanlar\u0131<\/h5><p>\u00a0<\/p><p>\u0130n\u015faat ve \u015fantiye alanlar\u0131nda, a\u00e7\u0131k hava konserleri, fuar organizasyonlar\u0131 toplu konut site giri\u015fleri, villa giri\u015fleri, apartman garaj giri\u015fleri ve toplant\u0131lar\u0131nda kullan\u0131l\u0131r.<\/p>\t\t\t\t\t\t\t\t<\/div>\n\t\t\t\t<\/div>\n\t\t\t\t<div class=\"elementor-element elementor-element-b256b03 elementor-widget elementor-widget-text-editor\" data-id=\"b256b03\" data-element_type=\"widget\" data-widget_type=\"text-editor.default\">\n\t\t\t\t<div class=\"elementor-widget-container\">\n\t\t\t\t\t\t\t\t\t<div id='gallery-1' class='gallery galleryid-15479 gallery-columns-2 gallery-size-full'><figure class='gallery-item'>\n\t\t\t<div class='gallery-icon landscape'>\n\t\t\t\t<a href='https:\/\/otman.com.tr\/de\/wp-content\/uploads\/2022\/09\/Tel-kapi.png'><img fetchpriority=\"high\" decoding=\"async\" width=\"768\" height=\"600\" src=\"https:\/\/otman.com.tr\/de\/wp-content\/uploads\/2022\/09\/Tel-kapi.png\" class=\"attachment-full size-full\" alt=\"\" srcset=\"https:\/\/otman.com.tr\/de\/wp-content\/uploads\/2022\/09\/Tel-kapi.png 768w, https:\/\/otman.com.tr\/de\/wp-content\/uploads\/2022\/09\/Tel-kapi-300x234.png 300w\" sizes=\"(max-width: 768px) 100vw, 768px\" \/><\/a>\n\t\t\t<\/div><\/figure><figure class='gallery-item'>\n\t\t\t<div class='gallery-icon landscape'>\n\t\t\t\t<a href='https:\/\/otman.com.tr\/de\/wp-content\/uploads\/2022\/09\/Garaj-Kapisi.png'><img decoding=\"async\" width=\"768\" height=\"600\" src=\"https:\/\/otman.com.tr\/de\/wp-content\/uploads\/2022\/09\/Garaj-Kapisi.png\" class=\"attachment-full size-full\" alt=\"\" srcset=\"https:\/\/otman.com.tr\/de\/wp-content\/uploads\/2022\/09\/Garaj-Kapisi.png 768w, https:\/\/otman.com.tr\/de\/wp-content\/uploads\/2022\/09\/Garaj-Kapisi-300x234.png 300w\" sizes=\"(max-width: 768px) 100vw, 768px\" \/><\/a>\n\t\t\t<\/div><\/figure><figure class='gallery-item'>\n\t\t\t<div class='gallery-icon landscape'>\n\t\t\t\t<a href='https:\/\/otman.com.tr\/de\/wp-content\/uploads\/2022\/09\/Bina-Bahce-Kapisi.png'><img decoding=\"async\" width=\"768\" height=\"600\" src=\"https:\/\/otman.com.tr\/de\/wp-content\/uploads\/2022\/09\/Bina-Bahce-Kapisi.png\" class=\"attachment-full size-full\" alt=\"\" srcset=\"https:\/\/otman.com.tr\/de\/wp-content\/uploads\/2022\/09\/Bina-Bahce-Kapisi.png 768w, https:\/\/otman.com.tr\/de\/wp-content\/uploads\/2022\/09\/Bina-Bahce-Kapisi-300x234.png 300w\" sizes=\"(max-width: 768px) 100vw, 768px\" \/><\/a>\n\t\t\t<\/div><\/figure><figure class='gallery-item'>\n\t\t\t<div class='gallery-icon landscape'>\n\t\t\t\t<a href='https:\/\/otman.com.tr\/de\/wp-content\/uploads\/2022\/09\/Otman-Iskele-Kapi.png'><img loading=\"lazy\" decoding=\"async\" width=\"768\" height=\"600\" src=\"https:\/\/otman.com.tr\/de\/wp-content\/uploads\/2022\/09\/Otman-Iskele-Kapi.png\" class=\"attachment-full size-full\" alt=\"\" srcset=\"https:\/\/otman.com.tr\/de\/wp-content\/uploads\/2022\/09\/Otman-Iskele-Kapi.png 768w, https:\/\/otman.com.tr\/de\/wp-content\/uploads\/2022\/09\/Otman-Iskele-Kapi-300x234.png 300w\" sizes=\"(max-width: 768px) 100vw, 768px\" \/><\/a>\n\t\t\t<\/div><\/figure>\n\t\t<\/div>\n\t\t\t\t\t\t\t\t<\/div>\n\t\t\t\t<\/div>\n\t\t\t\t\t<\/div>\n\t\t<\/div>\n\t\t\t\t\t<\/div>\n\t\t<\/section>\n\t\t\t\t<\/div>\n\t\t","protected":false},"excerpt":{"rendered":"<p>OTMAN \u0130SKELE KAPILAR KAPILAR MALZEME PLARTFORMU \u0130N\u015eAAT G\u00dcVENL\u0130K A\u011eI PANEL \u00c7\u0130T TEL \u00d6RG\u00dc KAPILAR \u00dcretmekte oldu\u011fumuz y\u00fcksek malzeme kalitesiyle istenilen g\u00f6z aral\u0131klar\u0131nda, uzunluk, y\u00fckseklik ve tel \u00e7aplar\u0131nda yap\u0131labilmekte olup \u015firketimiz bu \u00e7al\u0131\u015fmalar\u0131yla sizlere en iyi, kaliteli ve b\u00fct\u00e7enize en uygun \u00fcr\u00fcn\u00fc sunmaktan mutluluk duymaktad\u0131r.\u00a0 \u00a0 Kap\u0131lar \u0130stenilen yerde ve zemin \u00fczerinde koruma, g\u00fcvenlik ve bariyer [&hellip;]<\/p>\n","protected":false},"author":1,"featured_media":0,"parent":0,"menu_order":0,"comment_status":"closed","ping_status":"closed","template":"elementor_header_footer","meta":{"_acf_changed":false,"_monsterinsights_skip_tracking":false,"_monsterinsights_sitenote_active":false,"_monsterinsights_sitenote_note":"","_monsterinsights_sitenote_category":0,"_joinchat":[],"footnotes":""},"class_list":["post-15479","page","type-page","status-publish","hentry"],"acf":[],"yoast_head":"<!-- This site is optimized with the Yoast SEO plugin v26.4 - https:\/\/yoast.com\/wordpress\/plugins\/seo\/ -->\n<title>KAPILAR<\/title>\n<meta name=\"description\" content=\"Garaj Kap\u0131s\u0131: \u00dcretmekte oldu\u011fumuz y\u00fcksek malzeme kalitesiyle istenilen g\u00f6z aral\u0131klar\u0131nda, uzunluk, y\u00fckseklik ve tel \u00e7aplar\u0131nda uygulanmaktad\u0131r\" \/>\n<meta name=\"robots\" content=\"index, follow, max-snippet:-1, max-image-preview:large, max-video-preview:-1\" \/>\n<link rel=\"canonical\" href=\"https:\/\/otman.com.tr\/de\/kapilar\/\" \/>\n<meta property=\"og:locale\" content=\"tr_TR\" \/>\n<meta property=\"og:type\" content=\"article\" \/>\n<meta property=\"og:title\" content=\"KAPILAR\" \/>\n<meta property=\"og:description\" content=\"Garaj Kap\u0131s\u0131: \u00dcretmekte oldu\u011fumuz y\u00fcksek malzeme kalitesiyle istenilen g\u00f6z aral\u0131klar\u0131nda, uzunluk, y\u00fckseklik ve tel \u00e7aplar\u0131nda uygulanmaktad\u0131r\" \/>\n<meta property=\"og:url\" content=\"https:\/\/otman.com.tr\/de\/kapilar\/\" \/>\n<meta property=\"og:site_name\" content=\"Otman \u0130skele\" \/>\n<meta property=\"article:modified_time\" content=\"2022-09-11T11:36:37+00:00\" \/>\n<meta property=\"og:image\" content=\"https:\/\/otman.com.tr\/de\/wp-content\/uploads\/2022\/09\/Tel-kapi.png\" \/>\n<meta name=\"twitter:card\" content=\"summary_large_image\" \/>\n<meta name=\"twitter:label1\" content=\"Tahmini okuma s\u00fcresi\" \/>\n\t<meta name=\"twitter:data1\" content=\"1 dakika\" \/>\n<script type=\"application\/ld+json\" class=\"yoast-schema-graph\">{\"@context\":\"https:\/\/schema.org\",\"@graph\":[{\"@type\":\"WebPage\",\"@id\":\"https:\/\/otman.com.tr\/de\/kapilar\/\",\"url\":\"https:\/\/otman.com.tr\/de\/kapilar\/\",\"name\":\"KAPILAR\",\"isPartOf\":{\"@id\":\"https:\/\/otman.com.tr\/de\/#website\"},\"datePublished\":\"2022-09-08T14:13:52+00:00\",\"dateModified\":\"2022-09-11T11:36:37+00:00\",\"description\":\"Garaj Kap\u0131s\u0131: \u00dcretmekte oldu\u011fumuz y\u00fcksek malzeme kalitesiyle istenilen g\u00f6z aral\u0131klar\u0131nda, uzunluk, y\u00fckseklik ve tel \u00e7aplar\u0131nda uygulanmaktad\u0131r\",\"breadcrumb\":{\"@id\":\"https:\/\/otman.com.tr\/de\/kapilar\/#breadcrumb\"},\"inLanguage\":\"tr\",\"potentialAction\":[{\"@type\":\"ReadAction\",\"target\":[\"https:\/\/otman.com.tr\/de\/kapilar\/\"]}]},{\"@type\":\"BreadcrumbList\",\"@id\":\"https:\/\/otman.com.tr\/de\/kapilar\/#breadcrumb\",\"itemListElement\":[{\"@type\":\"ListItem\",\"position\":1,\"name\":\"Anasayfa\",\"item\":\"https:\/\/otman.com.tr\/de\/\"},{\"@type\":\"ListItem\",\"position\":2,\"name\":\"KAPILAR\"}]},{\"@type\":\"WebSite\",\"@id\":\"https:\/\/otman.com.tr\/de\/#website\",\"url\":\"https:\/\/otman.com.tr\/de\/\",\"name\":\"Otman \u0130skele\",\"description\":\"\u0130\u015finizin Yan\u0131 Ba\u015f\u0131n\u0131zday\u0131z \",\"publisher\":{\"@id\":\"https:\/\/otman.com.tr\/de\/#organization\"},\"potentialAction\":[{\"@type\":\"SearchAction\",\"target\":{\"@type\":\"EntryPoint\",\"urlTemplate\":\"https:\/\/otman.com.tr\/de\/?s={search_term_string}\"},\"query-input\":{\"@type\":\"PropertyValueSpecification\",\"valueRequired\":true,\"valueName\":\"search_term_string\"}}],\"inLanguage\":\"tr\"},{\"@type\":\"Organization\",\"@id\":\"https:\/\/otman.com.tr\/de\/#organization\",\"name\":\"Otman \u0130skele\",\"url\":\"https:\/\/otman.com.tr\/de\/\",\"logo\":{\"@type\":\"ImageObject\",\"inLanguage\":\"tr\",\"@id\":\"https:\/\/otman.com.tr\/de\/#\/schema\/logo\/image\/\",\"url\":\"https:\/\/otman.com.tr\/de\/wp-content\/uploads\/2022\/09\/Otman-Iskele-193x50-1.png\",\"contentUrl\":\"https:\/\/otman.com.tr\/de\/wp-content\/uploads\/2022\/09\/Otman-Iskele-193x50-1.png\",\"width\":193,\"height\":50,\"caption\":\"Otman \u0130skele\"},\"image\":{\"@id\":\"https:\/\/otman.com.tr\/de\/#\/schema\/logo\/image\/\"}}]}<\/script>\n<!-- \/ Yoast SEO plugin. -->","yoast_head_json":{"title":"KAPILAR","description":"Garaj Kap\u0131s\u0131: \u00dcretmekte oldu\u011fumuz y\u00fcksek malzeme kalitesiyle istenilen g\u00f6z aral\u0131klar\u0131nda, uzunluk, y\u00fckseklik ve tel \u00e7aplar\u0131nda uygulanmaktad\u0131r","robots":{"index":"index","follow":"follow","max-snippet":"max-snippet:-1","max-image-preview":"max-image-preview:large","max-video-preview":"max-video-preview:-1"},"canonical":"https:\/\/otman.com.tr\/de\/kapilar\/","og_locale":"tr_TR","og_type":"article","og_title":"KAPILAR","og_description":"Garaj Kap\u0131s\u0131: \u00dcretmekte oldu\u011fumuz y\u00fcksek malzeme kalitesiyle istenilen g\u00f6z aral\u0131klar\u0131nda, uzunluk, y\u00fckseklik ve tel \u00e7aplar\u0131nda uygulanmaktad\u0131r","og_url":"https:\/\/otman.com.tr\/de\/kapilar\/","og_site_name":"Otman \u0130skele","article_modified_time":"2022-09-11T11:36:37+00:00","og_image":[{"url":"https:\/\/otman.com.tr\/de\/wp-content\/uploads\/2022\/09\/Tel-kapi.png","type":"","width":"","height":""}],"twitter_card":"summary_large_image","twitter_misc":{"Tahmini okuma s\u00fcresi":"1 dakika"},"schema":{"@context":"https:\/\/schema.org","@graph":[{"@type":"WebPage","@id":"https:\/\/otman.com.tr\/de\/kapilar\/","url":"https:\/\/otman.com.tr\/de\/kapilar\/","name":"KAPILAR","isPartOf":{"@id":"https:\/\/otman.com.tr\/de\/#website"},"datePublished":"2022-09-08T14:13:52+00:00","dateModified":"2022-09-11T11:36:37+00:00","description":"Garaj Kap\u0131s\u0131: \u00dcretmekte oldu\u011fumuz y\u00fcksek malzeme kalitesiyle istenilen g\u00f6z aral\u0131klar\u0131nda, uzunluk, y\u00fckseklik ve tel \u00e7aplar\u0131nda uygulanmaktad\u0131r","breadcrumb":{"@id":"https:\/\/otman.com.tr\/de\/kapilar\/#breadcrumb"},"inLanguage":"tr","potentialAction":[{"@type":"ReadAction","target":["https:\/\/otman.com.tr\/de\/kapilar\/"]}]},{"@type":"BreadcrumbList","@id":"https:\/\/otman.com.tr\/de\/kapilar\/#breadcrumb","itemListElement":[{"@type":"ListItem","position":1,"name":"Anasayfa","item":"https:\/\/otman.com.tr\/de\/"},{"@type":"ListItem","position":2,"name":"KAPILAR"}]},{"@type":"WebSite","@id":"https:\/\/otman.com.tr\/de\/#website","url":"https:\/\/otman.com.tr\/de\/","name":"Otman \u0130skele","description":"\u0130\u015finizin Yan\u0131 Ba\u015f\u0131n\u0131zday\u0131z ","publisher":{"@id":"https:\/\/otman.com.tr\/de\/#organization"},"potentialAction":[{"@type":"SearchAction","target":{"@type":"EntryPoint","urlTemplate":"https:\/\/otman.com.tr\/de\/?s={search_term_string}"},"query-input":{"@type":"PropertyValueSpecification","valueRequired":true,"valueName":"search_term_string"}}],"inLanguage":"tr"},{"@type":"Organization","@id":"https:\/\/otman.com.tr\/de\/#organization","name":"Otman \u0130skele","url":"https:\/\/otman.com.tr\/de\/","logo":{"@type":"ImageObject","inLanguage":"tr","@id":"https:\/\/otman.com.tr\/de\/#\/schema\/logo\/image\/","url":"https:\/\/otman.com.tr\/de\/wp-content\/uploads\/2022\/09\/Otman-Iskele-193x50-1.png","contentUrl":"https:\/\/otman.com.tr\/de\/wp-content\/uploads\/2022\/09\/Otman-Iskele-193x50-1.png","width":193,"height":50,"caption":"Otman \u0130skele"},"image":{"@id":"https:\/\/otman.com.tr\/de\/#\/schema\/logo\/image\/"}}]}},"_links":{"self":[{"href":"https:\/\/otman.com.tr\/de\/wp-json\/wp\/v2\/pages\/15479","targetHints":{"allow":["GET"]}}],"collection":[{"href":"https:\/\/otman.com.tr\/de\/wp-json\/wp\/v2\/pages"}],"about":[{"href":"https:\/\/otman.com.tr\/de\/wp-json\/wp\/v2\/types\/page"}],"author":[{"embeddable":true,"href":"https:\/\/otman.com.tr\/de\/wp-json\/wp\/v2\/users\/1"}],"replies":[{"embeddable":true,"href":"https:\/\/otman.com.tr\/de\/wp-json\/wp\/v2\/comments?post=15479"}],"version-history":[{"count":31,"href":"https:\/\/otman.com.tr\/de\/wp-json\/wp\/v2\/pages\/15479\/revisions"}],"predecessor-version":[{"id":16089,"href":"https:\/\/otman.com.tr\/de\/wp-json\/wp\/v2\/pages\/15479\/revisions\/16089"}],"wp:attachment":[{"href":"https:\/\/otman.com.tr\/de\/wp-json\/wp\/v2\/media?parent=15479"}],"curies":[{"name":"wp","href":"https:\/\/api.w.org\/{rel}","templated":true}]}}