{"id":15163,"date":"2022-09-05T22:19:34","date_gmt":"2022-09-05T22:19:34","guid":{"rendered":"https:\/\/otman.com.tr\/en\/?page_id=15163"},"modified":"2022-09-12T20:25:28","modified_gmt":"2022-09-12T20:25:28","slug":"gallery","status":"publish","type":"page","link":"https:\/\/otman.com.tr\/en\/gallery\/","title":{"rendered":"GALLERY"},"content":{"rendered":"\t\t<div data-elementor-type=\"wp-page\" data-elementor-id=\"15163\" class=\"elementor elementor-15163\">\n\t\t\t\t\t\t<section class=\"elementor-section elementor-top-section elementor-element elementor-element-2b114cb0 elementor-section-full_width page-masthead bg-image js-lazy loaded page-masthead__bg elementor-section-height-default elementor-section-height-default\" data-id=\"2b114cb0\" data-element_type=\"section\" data-settings=\"{&quot;background_background&quot;:&quot;classic&quot;}\" data-parallax=\"0.6\">\n\t\t\t\t\t\t\t<div class=\"elementor-background-overlay\"><\/div>\n\t\t\t\t\t\t\t<div class=\"elementor-container elementor-column-gap-default container\">\n\t\t\t\t\t<div class=\"elementor-column elementor-col-100 elementor-top-column elementor-element elementor-element-685865c3\" data-id=\"685865c3\" data-element_type=\"column\">\n\t\t\t<div class=\"p-0 page-masthead__content elementor-widget-wrap elementor-element-populated\">\n\t\t\t\t\t\t<div class=\"elementor-section elementor-inner-section elementor-element elementor-element-8c20ca6 elementor-section-full_width elementor-section-height-default elementor-section-height-default\" data-id=\"8c20ca6\" data-element_type=\"section\">\n\t\t\t\t\t\t<div class=\"elementor-container elementor-column-gap-default row justify-content-between md:justify-content-center align-items-center row-margin\">\n\t\t\t\t\t<div class=\"elementor-column elementor-col-50 elementor-inner-column elementor-element elementor-element-2066d504 col-lg-9 col-md-10\" data-id=\"2066d504\" data-element_type=\"column\" data-anim=\"slide-up delay-1\">\n\t\t\t<div class=\"p-0 elementor-widget-wrap elementor-element-populated\">\n\t\t\t\t\t\t<div class=\"elementor-element elementor-element-5233b65d elementor-widget elementor-widget-highlighted-heading\" data-id=\"5233b65d\" data-element_type=\"widget\" data-widget_type=\"highlighted-heading.default\">\n\t\t\t\t<div class=\"elementor-widget-container\">\n\t\t\t\t\t<div class=\"highlighted-heading__title page-masthead__subtitle\">OTMAN \u0130SKELE<\/div>\t\t\t\t<\/div>\n\t\t\t\t<\/div>\n\t\t\t\t<div class=\"elementor-element elementor-element-4d740f8c position-static elementor-widget elementor-widget-highlighted-heading\" data-id=\"4d740f8c\" data-element_type=\"widget\" data-widget_type=\"highlighted-heading.default\">\n\t\t\t\t<div class=\"elementor-widget-container\">\n\t\t\t\t\t<div class=\"highlighted-heading__title page-masthead__back_title\">GALLERY<\/div>\t\t\t\t<\/div>\n\t\t\t\t<\/div>\n\t\t\t\t<div class=\"elementor-element elementor-element-409201ff elementor-widget elementor-widget-highlighted-heading\" data-id=\"409201ff\" data-element_type=\"widget\" data-widget_type=\"highlighted-heading.default\">\n\t\t\t\t<div class=\"elementor-widget-container\">\n\t\t\t\t\t<h1 class=\"highlighted-heading__title page-masthead__title text-white\">GALLERY<\/h1>\t\t\t\t<\/div>\n\t\t\t\t<\/div>\n\t\t\t\t\t<\/div>\n\t\t<\/div>\n\t\t\t\t<div class=\"elementor-column elementor-col-50 elementor-inner-column elementor-element elementor-element-70717069 col-lg-auto col-12\" data-id=\"70717069\" data-element_type=\"column\">\n\t\t\t<div class=\"p-0 elementor-widget-wrap elementor-element-populated\">\n\t\t\t\t\t\t<div class=\"elementor-element elementor-element-1d82a661 elementor-widget elementor-widget-hx-breadcrumb\" data-id=\"1d82a661\" data-element_type=\"widget\" data-widget_type=\"hx-breadcrumb.default\">\n\t\t\t\t<div class=\"elementor-widget-container\">\n\t\t\t\t\t<div data-anim=\"slide-up delay-1\" class=\"page-masthead-bread text-white md:mt-24 text-right\"><a data-barba class=\"page-masthead-bread__item active\">HOME<\/a><\/div>\t\t\t\t<\/div>\n\t\t\t\t<\/div>\n\t\t\t\t\t<\/div>\n\t\t<\/div>\n\t\t\t\t\t<\/div>\n\t\t<\/div>\n\t\t\t\t\t<\/div>\n\t\t<\/div>\n\t\t\t\t\t<\/div>\n\t\t<\/section>\n\t\t\t\t<section class=\"elementor-section elementor-top-section elementor-element elementor-element-31231d0 elementor-section-full_width layout-pt-lg layout-pb-lg bg-dark-img pattern_bg_2 elementor-section-height-default elementor-section-height-default\" data-id=\"31231d0\" data-element_type=\"section\" data-settings=\"{&quot;background_background&quot;:&quot;classic&quot;}\">\n\t\t\t\t\t\t<div class=\"elementor-container elementor-column-gap-default container\">\n\t\t\t\t\t<div class=\"elementor-column elementor-col-100 elementor-top-column elementor-element elementor-element-e59ead9\" data-id=\"e59ead9\" data-element_type=\"column\">\n\t\t\t<div class=\"p-0 elementor-widget-wrap elementor-element-populated\">\n\t\t\t\t\t\t<div class=\"elementor-element elementor-element-174d6f2 elementor-widget elementor-widget-text-editor\" data-id=\"174d6f2\" data-element_type=\"widget\" data-widget_type=\"text-editor.default\">\n\t\t\t\t<div class=\"elementor-widget-container\">\n\t\t\t\t\t\t\t\t\t<div id='gallery-1' class='gallery galleryid-15163 gallery-columns-3 gallery-size-full'><figure class='gallery-item'>\n\t\t\t<div class='gallery-icon landscape'>\n\t\t\t\t<a href='https:\/\/otman.com.tr\/en\/wp-content\/uploads\/2022\/09\/Otman-Iskele-Ankara.jpg'><img fetchpriority=\"high\" decoding=\"async\" width=\"1920\" height=\"1080\" src=\"https:\/\/otman.com.tr\/en\/wp-content\/uploads\/2022\/09\/Otman-Iskele-Ankara.jpg\" class=\"attachment-full size-full\" alt=\"\" srcset=\"https:\/\/otman.com.tr\/en\/wp-content\/uploads\/2022\/09\/Otman-Iskele-Ankara.jpg 1920w, https:\/\/otman.com.tr\/en\/wp-content\/uploads\/2022\/09\/Otman-Iskele-Ankara-300x169.jpg 300w, https:\/\/otman.com.tr\/en\/wp-content\/uploads\/2022\/09\/Otman-Iskele-Ankara-1024x576.jpg 1024w, https:\/\/otman.com.tr\/en\/wp-content\/uploads\/2022\/09\/Otman-Iskele-Ankara-768x432.jpg 768w, https:\/\/otman.com.tr\/en\/wp-content\/uploads\/2022\/09\/Otman-Iskele-Ankara-1536x864.jpg 1536w\" sizes=\"(max-width: 1920px) 100vw, 1920px\" \/><\/a>\n\t\t\t<\/div><\/figure><figure class='gallery-item'>\n\t\t\t<div class='gallery-icon landscape'>\n\t\t\t\t<a href='https:\/\/otman.com.tr\/en\/wp-content\/uploads\/2022\/09\/Iskele-Otman.jpg'><img decoding=\"async\" width=\"1920\" height=\"1080\" src=\"https:\/\/otman.com.tr\/en\/wp-content\/uploads\/2022\/09\/Iskele-Otman.jpg\" class=\"attachment-full size-full\" alt=\"\" srcset=\"https:\/\/otman.com.tr\/en\/wp-content\/uploads\/2022\/09\/Iskele-Otman.jpg 1920w, https:\/\/otman.com.tr\/en\/wp-content\/uploads\/2022\/09\/Iskele-Otman-300x169.jpg 300w, https:\/\/otman.com.tr\/en\/wp-content\/uploads\/2022\/09\/Iskele-Otman-1024x576.jpg 1024w, https:\/\/otman.com.tr\/en\/wp-content\/uploads\/2022\/09\/Iskele-Otman-768x432.jpg 768w, https:\/\/otman.com.tr\/en\/wp-content\/uploads\/2022\/09\/Iskele-Otman-1536x864.jpg 1536w\" sizes=\"(max-width: 1920px) 100vw, 1920px\" \/><\/a>\n\t\t\t<\/div><\/figure><figure class='gallery-item'>\n\t\t\t<div class='gallery-icon landscape'>\n\t\t\t\t<a href='https:\/\/otman.com.tr\/en\/wp-content\/uploads\/2022\/09\/Ankara-Iskele.jpg'><img decoding=\"async\" width=\"1920\" height=\"1080\" src=\"https:\/\/otman.com.tr\/en\/wp-content\/uploads\/2022\/09\/Ankara-Iskele.jpg\" class=\"attachment-full size-full\" alt=\"\" srcset=\"https:\/\/otman.com.tr\/en\/wp-content\/uploads\/2022\/09\/Ankara-Iskele.jpg 1920w, https:\/\/otman.com.tr\/en\/wp-content\/uploads\/2022\/09\/Ankara-Iskele-300x169.jpg 300w, https:\/\/otman.com.tr\/en\/wp-content\/uploads\/2022\/09\/Ankara-Iskele-1024x576.jpg 1024w, https:\/\/otman.com.tr\/en\/wp-content\/uploads\/2022\/09\/Ankara-Iskele-768x432.jpg 768w, https:\/\/otman.com.tr\/en\/wp-content\/uploads\/2022\/09\/Ankara-Iskele-1536x864.jpg 1536w\" sizes=\"(max-width: 1920px) 100vw, 1920px\" \/><\/a>\n\t\t\t<\/div><\/figure><figure class='gallery-item'>\n\t\t\t<div class='gallery-icon landscape'>\n\t\t\t\t<a href='https:\/\/otman.com.tr\/en\/wp-content\/uploads\/2022\/09\/Otman-Iskele.jpg'><img loading=\"lazy\" decoding=\"async\" width=\"1920\" height=\"1080\" src=\"https:\/\/otman.com.tr\/en\/wp-content\/uploads\/2022\/09\/Otman-Iskele.jpg\" class=\"attachment-full size-full\" alt=\"\" srcset=\"https:\/\/otman.com.tr\/en\/wp-content\/uploads\/2022\/09\/Otman-Iskele.jpg 1920w, https:\/\/otman.com.tr\/en\/wp-content\/uploads\/2022\/09\/Otman-Iskele-300x169.jpg 300w, https:\/\/otman.com.tr\/en\/wp-content\/uploads\/2022\/09\/Otman-Iskele-1024x576.jpg 1024w, https:\/\/otman.com.tr\/en\/wp-content\/uploads\/2022\/09\/Otman-Iskele-768x432.jpg 768w, https:\/\/otman.com.tr\/en\/wp-content\/uploads\/2022\/09\/Otman-Iskele-1536x864.jpg 1536w\" sizes=\"(max-width: 1920px) 100vw, 1920px\" \/><\/a>\n\t\t\t<\/div><\/figure><figure class='gallery-item'>\n\t\t\t<div class='gallery-icon landscape'>\n\t\t\t\t<a href='https:\/\/otman.com.tr\/en\/wp-content\/uploads\/2022\/09\/Otman.jpg'><img loading=\"lazy\" decoding=\"async\" width=\"1920\" height=\"1080\" src=\"https:\/\/otman.com.tr\/en\/wp-content\/uploads\/2022\/09\/Otman.jpg\" class=\"attachment-full size-full\" alt=\"\" srcset=\"https:\/\/otman.com.tr\/en\/wp-content\/uploads\/2022\/09\/Otman.jpg 1920w, https:\/\/otman.com.tr\/en\/wp-content\/uploads\/2022\/09\/Otman-300x169.jpg 300w, https:\/\/otman.com.tr\/en\/wp-content\/uploads\/2022\/09\/Otman-1024x576.jpg 1024w, https:\/\/otman.com.tr\/en\/wp-content\/uploads\/2022\/09\/Otman-768x432.jpg 768w, https:\/\/otman.com.tr\/en\/wp-content\/uploads\/2022\/09\/Otman-1536x864.jpg 1536w\" sizes=\"(max-width: 1920px) 100vw, 1920px\" \/><\/a>\n\t\t\t<\/div><\/figure><figure class='gallery-item'>\n\t\t\t<div class='gallery-icon landscape'>\n\t\t\t\t<a href='https:\/\/otman.com.tr\/en\/wp-content\/uploads\/2022\/09\/Otman-Iskele-1.jpg'><img loading=\"lazy\" decoding=\"async\" width=\"1920\" height=\"1080\" src=\"https:\/\/otman.com.tr\/en\/wp-content\/uploads\/2022\/09\/Otman-Iskele-1.jpg\" class=\"attachment-full size-full\" alt=\"\" srcset=\"https:\/\/otman.com.tr\/en\/wp-content\/uploads\/2022\/09\/Otman-Iskele-1.jpg 1920w, https:\/\/otman.com.tr\/en\/wp-content\/uploads\/2022\/09\/Otman-Iskele-1-300x169.jpg 300w, https:\/\/otman.com.tr\/en\/wp-content\/uploads\/2022\/09\/Otman-Iskele-1-1024x576.jpg 1024w, https:\/\/otman.com.tr\/en\/wp-content\/uploads\/2022\/09\/Otman-Iskele-1-768x432.jpg 768w, https:\/\/otman.com.tr\/en\/wp-content\/uploads\/2022\/09\/Otman-Iskele-1-1536x864.jpg 1536w\" sizes=\"(max-width: 1920px) 100vw, 1920px\" \/><\/a>\n\t\t\t<\/div><\/figure><figure class='gallery-item'>\n\t\t\t<div class='gallery-icon landscape'>\n\t\t\t\t<a href='https:\/\/otman.com.tr\/en\/wp-content\/uploads\/2022\/09\/Teleskopik-Direk.jpg'><img loading=\"lazy\" decoding=\"async\" width=\"1920\" height=\"1080\" src=\"https:\/\/otman.com.tr\/en\/wp-content\/uploads\/2022\/09\/Teleskopik-Direk.jpg\" class=\"attachment-full size-full\" alt=\"\" srcset=\"https:\/\/otman.com.tr\/en\/wp-content\/uploads\/2022\/09\/Teleskopik-Direk.jpg 1920w, https:\/\/otman.com.tr\/en\/wp-content\/uploads\/2022\/09\/Teleskopik-Direk-300x169.jpg 300w, https:\/\/otman.com.tr\/en\/wp-content\/uploads\/2022\/09\/Teleskopik-Direk-1024x576.jpg 1024w, https:\/\/otman.com.tr\/en\/wp-content\/uploads\/2022\/09\/Teleskopik-Direk-768x432.jpg 768w, https:\/\/otman.com.tr\/en\/wp-content\/uploads\/2022\/09\/Teleskopik-Direk-1536x864.jpg 1536w\" sizes=\"(max-width: 1920px) 100vw, 1920px\" \/><\/a>\n\t\t\t<\/div><\/figure><figure class='gallery-item'>\n\t\t\t<div class='gallery-icon landscape'>\n\t\t\t\t<a href='https:\/\/otman.com.tr\/en\/wp-content\/uploads\/2022\/09\/Ankara-Otman-Iskele.jpg'><img loading=\"lazy\" decoding=\"async\" width=\"1920\" height=\"1080\" src=\"https:\/\/otman.com.tr\/en\/wp-content\/uploads\/2022\/09\/Ankara-Otman-Iskele.jpg\" class=\"attachment-full size-full\" alt=\"\" srcset=\"https:\/\/otman.com.tr\/en\/wp-content\/uploads\/2022\/09\/Ankara-Otman-Iskele.jpg 1920w, https:\/\/otman.com.tr\/en\/wp-content\/uploads\/2022\/09\/Ankara-Otman-Iskele-300x169.jpg 300w, https:\/\/otman.com.tr\/en\/wp-content\/uploads\/2022\/09\/Ankara-Otman-Iskele-1024x576.jpg 1024w, https:\/\/otman.com.tr\/en\/wp-content\/uploads\/2022\/09\/Ankara-Otman-Iskele-768x432.jpg 768w, https:\/\/otman.com.tr\/en\/wp-content\/uploads\/2022\/09\/Ankara-Otman-Iskele-1536x864.jpg 1536w\" sizes=\"(max-width: 1920px) 100vw, 1920px\" \/><\/a>\n\t\t\t<\/div><\/figure>\n\t\t<\/div>\n\t\t\t\t\t\t\t\t<\/div>\n\t\t\t\t<\/div>\n\t\t\t\t\t<\/div>\n\t\t<\/div>\n\t\t\t\t\t<\/div>\n\t\t<\/section>\n\t\t\t\t<\/div>\n\t\t","protected":false},"excerpt":{"rendered":"<p>OTMAN \u0130SKELE GALLERY GALLERY<\/p>\n","protected":false},"author":1,"featured_media":0,"parent":0,"menu_order":0,"comment_status":"closed","ping_status":"closed","template":"elementor_header_footer","meta":{"_acf_changed":false,"_monsterinsights_skip_tracking":false,"_monsterinsights_sitenote_active":false,"_monsterinsights_sitenote_note":"","_monsterinsights_sitenote_category":0,"_joinchat":[],"footnotes":""},"class_list":["post-15163","page","type-page","status-publish","hentry"],"acf":[],"yoast_head":"<!-- This site is optimized with the Yoast SEO plugin v26.4 - https:\/\/yoast.com\/wordpress\/plugins\/seo\/ -->\n<title>GALLERY<\/title>\n<meta name=\"description\" content=\"Otman \u0130skele Kal\u0131p olarak bizden kareler ile \u00fcretim a\u015famas\u0131 ve nakliye a\u015famalar\u0131n\u0131 g\u00f6rebilirsiniz. 2013&#039;den itibaren kaliteden \u00f6d\u00fcn vermeden..\" \/>\n<meta name=\"robots\" content=\"index, follow, max-snippet:-1, max-image-preview:large, max-video-preview:-1\" \/>\n<link rel=\"canonical\" href=\"https:\/\/otman.com.tr\/en\/gallery\/\" \/>\n<meta property=\"og:locale\" content=\"tr_TR\" \/>\n<meta property=\"og:type\" content=\"article\" \/>\n<meta property=\"og:title\" content=\"GALLERY\" \/>\n<meta property=\"og:description\" content=\"Otman \u0130skele Kal\u0131p olarak bizden kareler ile \u00fcretim a\u015famas\u0131 ve nakliye a\u015famalar\u0131n\u0131 g\u00f6rebilirsiniz. 2013&#039;den itibaren kaliteden \u00f6d\u00fcn vermeden..\" \/>\n<meta property=\"og:url\" content=\"https:\/\/otman.com.tr\/en\/gallery\/\" \/>\n<meta property=\"og:site_name\" content=\"Otman \u0130skele\" \/>\n<meta property=\"article:modified_time\" content=\"2022-09-12T20:25:28+00:00\" \/>\n<meta property=\"og:image\" content=\"https:\/\/otman.com.tr\/en\/wp-content\/uploads\/2022\/09\/Otman-Iskele-Ankara.jpg\" \/>\n<meta name=\"twitter:card\" content=\"summary_large_image\" \/>\n<meta name=\"twitter:label1\" content=\"Tahmini okuma s\u00fcresi\" \/>\n\t<meta name=\"twitter:data1\" content=\"1 dakika\" \/>\n<script type=\"application\/ld+json\" class=\"yoast-schema-graph\">{\"@context\":\"https:\/\/schema.org\",\"@graph\":[{\"@type\":\"WebPage\",\"@id\":\"https:\/\/otman.com.tr\/en\/gallery\/\",\"url\":\"https:\/\/otman.com.tr\/en\/gallery\/\",\"name\":\"GALLERY\",\"isPartOf\":{\"@id\":\"https:\/\/otman.com.tr\/en\/#website\"},\"datePublished\":\"2022-09-05T22:19:34+00:00\",\"dateModified\":\"2022-09-12T20:25:28+00:00\",\"description\":\"Otman \u0130skele Kal\u0131p olarak bizden kareler ile \u00fcretim a\u015famas\u0131 ve nakliye a\u015famalar\u0131n\u0131 g\u00f6rebilirsiniz. 2013'den itibaren kaliteden \u00f6d\u00fcn vermeden..\",\"breadcrumb\":{\"@id\":\"https:\/\/otman.com.tr\/en\/gallery\/#breadcrumb\"},\"inLanguage\":\"tr\",\"potentialAction\":[{\"@type\":\"ReadAction\",\"target\":[\"https:\/\/otman.com.tr\/en\/gallery\/\"]}]},{\"@type\":\"BreadcrumbList\",\"@id\":\"https:\/\/otman.com.tr\/en\/gallery\/#breadcrumb\",\"itemListElement\":[{\"@type\":\"ListItem\",\"position\":1,\"name\":\"Anasayfa\",\"item\":\"https:\/\/otman.com.tr\/en\/\"},{\"@type\":\"ListItem\",\"position\":2,\"name\":\"GALLERY\"}]},{\"@type\":\"WebSite\",\"@id\":\"https:\/\/otman.com.tr\/en\/#website\",\"url\":\"https:\/\/otman.com.tr\/en\/\",\"name\":\"Otman \u0130skele\",\"description\":\"\u0130\u015finizin Yan\u0131 Ba\u015f\u0131n\u0131zday\u0131z \",\"publisher\":{\"@id\":\"https:\/\/otman.com.tr\/en\/#organization\"},\"potentialAction\":[{\"@type\":\"SearchAction\",\"target\":{\"@type\":\"EntryPoint\",\"urlTemplate\":\"https:\/\/otman.com.tr\/en\/?s={search_term_string}\"},\"query-input\":{\"@type\":\"PropertyValueSpecification\",\"valueRequired\":true,\"valueName\":\"search_term_string\"}}],\"inLanguage\":\"tr\"},{\"@type\":\"Organization\",\"@id\":\"https:\/\/otman.com.tr\/en\/#organization\",\"name\":\"Otman \u0130skele\",\"url\":\"https:\/\/otman.com.tr\/en\/\",\"logo\":{\"@type\":\"ImageObject\",\"inLanguage\":\"tr\",\"@id\":\"https:\/\/otman.com.tr\/en\/#\/schema\/logo\/image\/\",\"url\":\"https:\/\/otman.com.tr\/en\/wp-content\/uploads\/2022\/09\/Otman-Iskele-193x50-1.png\",\"contentUrl\":\"https:\/\/otman.com.tr\/en\/wp-content\/uploads\/2022\/09\/Otman-Iskele-193x50-1.png\",\"width\":193,\"height\":50,\"caption\":\"Otman \u0130skele\"},\"image\":{\"@id\":\"https:\/\/otman.com.tr\/en\/#\/schema\/logo\/image\/\"}}]}<\/script>\n<!-- \/ Yoast SEO plugin. -->","yoast_head_json":{"title":"GALLERY","description":"Otman \u0130skele Kal\u0131p olarak bizden kareler ile \u00fcretim a\u015famas\u0131 ve nakliye a\u015famalar\u0131n\u0131 g\u00f6rebilirsiniz. 2013'den itibaren kaliteden \u00f6d\u00fcn vermeden..","robots":{"index":"index","follow":"follow","max-snippet":"max-snippet:-1","max-image-preview":"max-image-preview:large","max-video-preview":"max-video-preview:-1"},"canonical":"https:\/\/otman.com.tr\/en\/gallery\/","og_locale":"tr_TR","og_type":"article","og_title":"GALLERY","og_description":"Otman \u0130skele Kal\u0131p olarak bizden kareler ile \u00fcretim a\u015famas\u0131 ve nakliye a\u015famalar\u0131n\u0131 g\u00f6rebilirsiniz. 2013'den itibaren kaliteden \u00f6d\u00fcn vermeden..","og_url":"https:\/\/otman.com.tr\/en\/gallery\/","og_site_name":"Otman \u0130skele","article_modified_time":"2022-09-12T20:25:28+00:00","og_image":[{"url":"https:\/\/otman.com.tr\/en\/wp-content\/uploads\/2022\/09\/Otman-Iskele-Ankara.jpg","type":"","width":"","height":""}],"twitter_card":"summary_large_image","twitter_misc":{"Tahmini okuma s\u00fcresi":"1 dakika"},"schema":{"@context":"https:\/\/schema.org","@graph":[{"@type":"WebPage","@id":"https:\/\/otman.com.tr\/en\/gallery\/","url":"https:\/\/otman.com.tr\/en\/gallery\/","name":"GALLERY","isPartOf":{"@id":"https:\/\/otman.com.tr\/en\/#website"},"datePublished":"2022-09-05T22:19:34+00:00","dateModified":"2022-09-12T20:25:28+00:00","description":"Otman \u0130skele Kal\u0131p olarak bizden kareler ile \u00fcretim a\u015famas\u0131 ve nakliye a\u015famalar\u0131n\u0131 g\u00f6rebilirsiniz. 2013'den itibaren kaliteden \u00f6d\u00fcn vermeden..","breadcrumb":{"@id":"https:\/\/otman.com.tr\/en\/gallery\/#breadcrumb"},"inLanguage":"tr","potentialAction":[{"@type":"ReadAction","target":["https:\/\/otman.com.tr\/en\/gallery\/"]}]},{"@type":"BreadcrumbList","@id":"https:\/\/otman.com.tr\/en\/gallery\/#breadcrumb","itemListElement":[{"@type":"ListItem","position":1,"name":"Anasayfa","item":"https:\/\/otman.com.tr\/en\/"},{"@type":"ListItem","position":2,"name":"GALLERY"}]},{"@type":"WebSite","@id":"https:\/\/otman.com.tr\/en\/#website","url":"https:\/\/otman.com.tr\/en\/","name":"Otman \u0130skele","description":"\u0130\u015finizin Yan\u0131 Ba\u015f\u0131n\u0131zday\u0131z ","publisher":{"@id":"https:\/\/otman.com.tr\/en\/#organization"},"potentialAction":[{"@type":"SearchAction","target":{"@type":"EntryPoint","urlTemplate":"https:\/\/otman.com.tr\/en\/?s={search_term_string}"},"query-input":{"@type":"PropertyValueSpecification","valueRequired":true,"valueName":"search_term_string"}}],"inLanguage":"tr"},{"@type":"Organization","@id":"https:\/\/otman.com.tr\/en\/#organization","name":"Otman \u0130skele","url":"https:\/\/otman.com.tr\/en\/","logo":{"@type":"ImageObject","inLanguage":"tr","@id":"https:\/\/otman.com.tr\/en\/#\/schema\/logo\/image\/","url":"https:\/\/otman.com.tr\/en\/wp-content\/uploads\/2022\/09\/Otman-Iskele-193x50-1.png","contentUrl":"https:\/\/otman.com.tr\/en\/wp-content\/uploads\/2022\/09\/Otman-Iskele-193x50-1.png","width":193,"height":50,"caption":"Otman \u0130skele"},"image":{"@id":"https:\/\/otman.com.tr\/en\/#\/schema\/logo\/image\/"}}]}},"_links":{"self":[{"href":"https:\/\/otman.com.tr\/en\/wp-json\/wp\/v2\/pages\/15163","targetHints":{"allow":["GET"]}}],"collection":[{"href":"https:\/\/otman.com.tr\/en\/wp-json\/wp\/v2\/pages"}],"about":[{"href":"https:\/\/otman.com.tr\/en\/wp-json\/wp\/v2\/types\/page"}],"author":[{"embeddable":true,"href":"https:\/\/otman.com.tr\/en\/wp-json\/wp\/v2\/users\/1"}],"replies":[{"embeddable":true,"href":"https:\/\/otman.com.tr\/en\/wp-json\/wp\/v2\/comments?post=15163"}],"version-history":[{"count":63,"href":"https:\/\/otman.com.tr\/en\/wp-json\/wp\/v2\/pages\/15163\/revisions"}],"predecessor-version":[{"id":16139,"href":"https:\/\/otman.com.tr\/en\/wp-json\/wp\/v2\/pages\/15163\/revisions\/16139"}],"wp:attachment":[{"href":"https:\/\/otman.com.tr\/en\/wp-json\/wp\/v2\/media?parent=15163"}],"curies":[{"name":"wp","href":"https:\/\/api.w.org\/{rel}","templated":true}]}}